{"id":394,"date":"2020-05-04T02:56:51","date_gmt":"2020-05-03T23:56:51","guid":{"rendered":"https:\/\/marianascimento.com.br\/?page_id=394"},"modified":"2022-07-10T22:48:53","modified_gmt":"2022-07-10T19:48:53","slug":"leiloes","status":"publish","type":"page","link":"https:\/\/marianascimento.com.br\/?page_id=394","title":{"rendered":"CURADORIA"},"content":{"rendered":"\n<p class=\"has-text-color\" style=\"color:#093669;font-size:28px\"><strong>E-COMMERCE<\/strong><\/p>\n\n\n\n<p>Em 2021 ingresso na \u00e1rea de e-commerce na Plataforma Biohub Market para atuar no com\u00e9rcio de obras de artes visuais e literatura de forma diferenciada, pois trata-se de uma plataforma sustent\u00e1vel.<\/p>\n\n\n\n<p>Um elenco de artista foi criado para fazer parte dessa nova modalidade de com\u00e9rcio sustent\u00e1vel que a artista esteve estudando durante toda a pandemia junto ao Sebrae SP e em seus projetos e cursos de capacita\u00e7\u00e3o sobre a AGENDA 2030.<\/p>\n\n\n\n<hr class=\"wp-block-separator\"\/>\n\n\n\n<p class=\"has-text-color\" style=\"color:#093669;font-size:28px\"><strong><a href=\"http:\/\/www.ativart.com.br\">PORTAL ATIVART<\/a><\/strong><\/p>\n\n\n\n<p>Foi idealizadora do Portal ATIVART e em 2021 junto com a Curadora Vera Figueredo selecionam obras para a elabora\u00e7\u00e3o de Leil\u00f5es a que foram executados pelo leiloeiro Rodrigo Rigolon e sua equipe na <a href=\"https:\/\/www.rigolonleiloes.com.br\/externo\/\" target=\"_blank\" rel=\"noreferrer noopener\">Rigolon Leil\u00f5es<\/a>.<\/p>\n\n\n\n<p>Atrav\u00e9s do Portal concentra as atividades de artes desde o com\u00e9rcio \u00e0s oficinas de Desenho e Curadoria ministradas pela artista Maria Nascimento.<\/p>\n\n\n\n<p class=\"has-text-color\" style=\"color:#093669;font-size:28px\">MARCHAND &#8211; Representa\u00e7\u00e3o de artistas visuais<\/p>\n\n\n\n<p>Maria Nascimento realizou diversas exposi\u00e7\u00f5es ao longo dos \u00faltimos anos sob sua curadoria at\u00e9 vir a Pandemia e o isolamento social. Com os espa\u00e7os de exposi\u00e7\u00e3o fechados, passou a atuar em leil\u00f5es eletr\u00f4nicos e agora com e-commerce para o com\u00e9rcio de obras. No entanto, ela representa no Brasil a artista Marilena Borr\u00e1s, para a qual fez curadoria em exposi\u00e7\u00f5es coletivas, como a &#8220;CARNAVART&#8221; e a individual &#8220;Whispers of the Sea&#8221;. Agora morando na Espanha, de volta a sua terra Natal, a artista espanhola tem Maria Nascimento como sua representante no Brasil.<\/p>\n\n\n\n<p>A artista acaba de abrir sua pr\u00f3pria Galeria na Espanha, dando continuidade a uma parceria internacional entre ela e Maria Nascimento, que possui diversas obras da artista sob sua tutela no Brasil, enquanto sua Marchand.<\/p>\n\n\n\n<p class=\"has-text-color\" style=\"color:#093669;font-size:28px\">\/ <strong>Marilena Borr\u00e1s<\/strong> &#8211; Whispers of the Sea \/<\/p>\n\n\n\n<figure class=\"wp-block-image size-large\"><img fetchpriority=\"high\" decoding=\"async\" width=\"1024\" height=\"1024\" src=\"http:\/\/marianascimento.com.br\/wp-content\/uploads\/2020\/02\/Whispers-of-the-sea-Marilena-Borras-cartaz-12MAR20-1024x1024.jpeg\" alt=\"\" class=\"wp-image-138\" srcset=\"https:\/\/marianascimento.com.br\/wp-content\/uploads\/2020\/02\/Whispers-of-the-sea-Marilena-Borras-cartaz-12MAR20-1024x1024.jpeg 1024w, https:\/\/marianascimento.com.br\/wp-content\/uploads\/2020\/02\/Whispers-of-the-sea-Marilena-Borras-cartaz-12MAR20-300x300.jpeg 300w, https:\/\/marianascimento.com.br\/wp-content\/uploads\/2020\/02\/Whispers-of-the-sea-Marilena-Borras-cartaz-12MAR20-150x150.jpeg 150w, https:\/\/marianascimento.com.br\/wp-content\/uploads\/2020\/02\/Whispers-of-the-sea-Marilena-Borras-cartaz-12MAR20-768x768.jpeg 768w, https:\/\/marianascimento.com.br\/wp-content\/uploads\/2020\/02\/Whispers-of-the-sea-Marilena-Borras-cartaz-12MAR20.jpeg 1200w\" sizes=\"(max-width: 1024px) 100vw, 1024px\" \/><figcaption>Obra: Whispers of The Sea. Artista: Marilena Borr\u00e1s. Curadoria: Maria Nascimento.<\/figcaption><\/figure>\n\n\n\n<p class=\"has-text-color\" style=\"color:#093669;font-size:25px\"><strong>Obras<\/strong><\/p>\n\n\n\n<p style=\"font-size:17px\"><a href=\"https:\/\/expo.marianascimento.com.br\/?p=1\">Entardecer Verde<\/a> <br><a href=\"https:\/\/expo.marianascimento.com.br\/?p=92\">Mar Bravo<\/a><br><a href=\"https:\/\/expo.marianascimento.com.br\/?p=89\">Onda<\/a><br><a href=\"https:\/\/expo.marianascimento.com.br\/?p=86\">Peixes Coloridos<\/a><br><a href=\"https:\/\/expo.marianascimento.com.br\/?p=82\">Farol<\/a><br><a href=\"https:\/\/expo.marianascimento.com.br\/?p=79\">Mar Quebradinho<\/a><br><a href=\"https:\/\/expo.marianascimento.com.br\/?p=76\">Vista do mar<\/a><br><a href=\"https:\/\/expo.marianascimento.com.br\/?p=73\">Mar Roxo<\/a><br><a href=\"https:\/\/expo.marianascimento.com.br\/?p=69\">Mar \u00e0  Noite<\/a><br><a href=\"https:\/\/expo.marianascimento.com.br\/?p=66\">Mar Bravo \u00e0 Noite<\/a><br><a href=\"https:\/\/expo.marianascimento.com.br\/?p=63\">Peixe Sozinho<\/a><br><a href=\"https:\/\/expo.marianascimento.com.br\/?p=60\">Mar Cinza<\/a><br><a href=\"https:\/\/expo.marianascimento.com.br\/?p=55\">Peixes Laranjas<\/a><br><a href=\"https:\/\/expo.marianascimento.com.br\/?p=52\">Mar Surrealista<\/a><br><a href=\"https:\/\/expo.marianascimento.com.br\/?p=49\">\u00c1gua<\/a><br><a href=\"https:\/\/expo.marianascimento.com.br\/?p=43\">Praia<\/a><\/p>\n\n\n\n<p><\/p>\n\n\n\n<p class=\"has-text-color\" style=\"color:#093669;font-size:28px\"> \/ <strong>Exposi\u00e7\u00e3o CarnavART<\/strong> \/<\/p>\n\n\n\n<figure class=\"wp-block-image size-large\"><img decoding=\"async\" width=\"1024\" height=\"1020\" src=\"http:\/\/marianascimento.com.br\/wp-content\/uploads\/2020\/02\/Convite-Alphaville-ATC-24MAR20-1-1024x1020.jpeg\" alt=\"\" class=\"wp-image-169\" srcset=\"https:\/\/marianascimento.com.br\/wp-content\/uploads\/2020\/02\/Convite-Alphaville-ATC-24MAR20-1-1024x1020.jpeg 1024w, https:\/\/marianascimento.com.br\/wp-content\/uploads\/2020\/02\/Convite-Alphaville-ATC-24MAR20-1-300x300.jpeg 300w, https:\/\/marianascimento.com.br\/wp-content\/uploads\/2020\/02\/Convite-Alphaville-ATC-24MAR20-1-150x150.jpeg 150w, https:\/\/marianascimento.com.br\/wp-content\/uploads\/2020\/02\/Convite-Alphaville-ATC-24MAR20-1-768x765.jpeg 768w, https:\/\/marianascimento.com.br\/wp-content\/uploads\/2020\/02\/Convite-Alphaville-ATC-24MAR20-1.jpeg 1280w\" sizes=\"(max-width: 1024px) 100vw, 1024px\" \/><\/figure>\n\n\n\n<p class=\"has-very-dark-gray-color has-text-color\" style=\"font-size:18px\">Em pleno carnaval, na Galeria de arte do ATC &#8211; Alphaville T\u00eanis Clube, aconteceu uma exposi\u00e7\u00e3o que reuniu artistas com diferentes linguagens dentro de um contexto contempor\u00e2neo e vibrante.<br>Como a \u00e9poca mesmo inspira, eles fizeram uso de muita criatividade em telas e esculturas concebidas em linguagem contempor\u00e2nea e diversificada.<br>Foram reunidas cerca de 40 obras que se harmonizam entre si, trazendo ao expectador uma surpreendente imers\u00e3o \u00e0 poesia pl\u00e1stica contida no todo.<\/p>\n\n\n\n<p style=\"font-size:18px\">Acesse o Cat\u00e1logo das Obras <a href=\"https:\/\/alphaville.marianascimento.com.br\/?p=1\">aqui<\/a>.<\/p>\n\n\n\n<p class=\"has-very-dark-gray-color has-text-color\" style=\"font-size:17px\">Artistas da exposi\u00e7\u00e3o:<br>Alfredo Maffei  <br>Alice Niel<br>Ana Canale <br>Monica Pailo<br>Daniele Bloris<br>Diego J. Cardoso<br>Regiane Martinez<br>Dinorah Rosencrantz<br>Sophia Natsumi<br>Juliana Rabelo <br>Marilena Borr\u00e1s<br>Masson<br>Luccas Inocente<br>Arlita Angrizani<br>Antonia Marli Dante<br>Pathy Esse <br>Vinicius de Paula <\/p>\n","protected":false},"excerpt":{"rendered":"<p>E-COMMERCE Em 2021 ingresso na \u00e1rea de e-commerce na Plataforma Biohub Market para atuar no com\u00e9rcio de obras de artes visuais e literatura de forma diferenciada, pois trata-se de uma plataforma sustent\u00e1vel. Um elenco de artista foi criado para fazer parte dessa nova modalidade de com\u00e9rcio sustent\u00e1vel que a artista esteve estudando durante toda a&hellip;<\/p>\n","protected":false},"author":1,"featured_media":0,"parent":0,"menu_order":0,"comment_status":"closed","ping_status":"closed","template":"","meta":{"footnotes":""},"class_list":["post-394","page","type-page","status-publish","hentry"],"_links":{"self":[{"href":"https:\/\/marianascimento.com.br\/index.php?rest_route=\/wp\/v2\/pages\/394","targetHints":{"allow":["GET"]}}],"collection":[{"href":"https:\/\/marianascimento.com.br\/index.php?rest_route=\/wp\/v2\/pages"}],"about":[{"href":"https:\/\/marianascimento.com.br\/index.php?rest_route=\/wp\/v2\/types\/page"}],"author":[{"embeddable":true,"href":"https:\/\/marianascimento.com.br\/index.php?rest_route=\/wp\/v2\/users\/1"}],"replies":[{"embeddable":true,"href":"https:\/\/marianascimento.com.br\/index.php?rest_route=%2Fwp%2Fv2%2Fcomments&post=394"}],"version-history":[{"count":0,"href":"https:\/\/marianascimento.com.br\/index.php?rest_route=\/wp\/v2\/pages\/394\/revisions"}],"wp:attachment":[{"href":"https:\/\/marianascimento.com.br\/index.php?rest_route=%2Fwp%2Fv2%2Fmedia&parent=394"}],"curies":[{"name":"wp","href":"https:\/\/api.w.org\/{rel}","templated":true}]}}